{"id":547,"date":"2021-09-14T10:20:23","date_gmt":"2021-09-14T10:20:23","guid":{"rendered":"https:\/\/melhoresapostas.com\/pt\/?page_id=547"},"modified":"2023-01-20T15:50:31","modified_gmt":"2023-01-20T15:50:31","slug":"aviso-legal","status":"publish","type":"page","link":"https:\/\/melhoresapostas.com\/pt\/aviso-legal\/","title":{"rendered":"Aviso Legal"},"content":{"rendered":"<p>Melhoresapostas.com foi criado apenas para fins de entretenimento. LasApuestas.com oferece apenas informa\u00e7\u00e3o e sites de apostas com o intuito de aconselhar o potencial apostador sobre as diferentes op\u00e7\u00f5es dispon\u00edveis.<\/p>\n<p>Os jogos de azar online s\u00e3o ilegais em algumas regi\u00f5es; os usu\u00e1rios devem consultar um especialista legal sobre o regime jur\u00eddico dos jogos de azar online em seu pa\u00eds ou comunidade.<\/p>\n<p>LasApuestas.com oferece links para outros sites com informa\u00e7\u00f5es que podem ser do interesse de seus visitantes. N\u00c3O estamos afiliados a nenhum desses sites, nem somos fornecedores de servi\u00e7os de jogos online, seja cassino, p\u00f4quer, apostas esportivas, jogos de habilidade ou quaisquer outros jogos de azar.<\/p>\n<p>O jogo tem sempre um elemento de risco e aconselhamos os nossos visitantes a n\u00e3o participarem em atividades de jogos se forem psicologicamente propensos ao v\u00edcio do jogo (ludopatia).<\/p>\n<p>Se voc\u00ea ou algu\u00e9m que voc\u00ea conhece mostra sintomas de depend\u00eancia, por favor visite www.ludopatia.org para obter ajuda.<\/p>\n\n<div class=\"wpcf7 no-js\" id=\"wpcf7-f1874-o1\" lang=\"en-US\" dir=\"ltr\">\n<div class=\"screen-reader-response\"><p role=\"status\" aria-live=\"polite\" aria-atomic=\"true\"><\/p> <ul><\/ul><\/div>\n<form action=\"\/pt\/wp-json\/wp\/v2\/pages\/547#wpcf7-f1874-o1\" method=\"post\" class=\"wpcf7-form init\" aria-label=\"Contact form\" novalidate=\"novalidate\" data-status=\"init\">\n<div style=\"display: none;\">\n<input type=\"hidden\" name=\"_wpcf7\" value=\"1874\" \/>\n<input type=\"hidden\" name=\"_wpcf7_version\" value=\"5.9.8\" \/>\n<input type=\"hidden\" name=\"_wpcf7_locale\" value=\"en_US\" \/>\n<input type=\"hidden\" name=\"_wpcf7_unit_tag\" value=\"wpcf7-f1874-o1\" \/>\n<input type=\"hidden\" name=\"_wpcf7_container_post\" value=\"0\" \/>\n<input type=\"hidden\" name=\"_wpcf7_posted_data_hash\" value=\"\" \/>\n<input type=\"hidden\" name=\"_wpcf7_recaptcha_response\" value=\"\" \/>\n<\/div>\n<label> Nombre *\n    <span class=\"wpcf7-form-control-wrap\" data-name=\"your-name\"><input size=\"40\" maxlength=\"400\" class=\"wpcf7-form-control wpcf7-text wpcf7-validates-as-required\" aria-required=\"true\" aria-invalid=\"false\" value=\"\" type=\"text\" name=\"your-name\" \/><\/span> <\/label>\n\n<label> Correo electronico *\n    <span class=\"wpcf7-form-control-wrap\" data-name=\"your-email\"><input size=\"40\" maxlength=\"400\" class=\"wpcf7-form-control wpcf7-email wpcf7-validates-as-required wpcf7-text wpcf7-validates-as-email\" aria-required=\"true\" aria-invalid=\"false\" value=\"\" type=\"email\" name=\"your-email\" \/><\/span> <\/label>\n\n<label> Sitio web\n    <span class=\"wpcf7-form-control-wrap\" data-name=\"your-website\"><input size=\"40\" maxlength=\"400\" class=\"wpcf7-form-control wpcf7-text\" aria-invalid=\"false\" value=\"\" type=\"text\" name=\"your-website\" \/><\/span> <\/label>\n\n<label> Sujeta *\n    <span class=\"wpcf7-form-control-wrap\" data-name=\"your-subject\"><input size=\"40\" maxlength=\"400\" class=\"wpcf7-form-control wpcf7-text wpcf7-validates-as-required\" aria-required=\"true\" aria-invalid=\"false\" value=\"\" type=\"text\" name=\"your-subject\" \/><\/span> <\/label>\n\n<label> Mensaje *\n    <span class=\"wpcf7-form-control-wrap\" data-name=\"your-message\"><textarea cols=\"40\" rows=\"10\" maxlength=\"2000\" class=\"wpcf7-form-control wpcf7-textarea wpcf7-validates-as-required\" aria-required=\"true\" aria-invalid=\"false\" name=\"your-message\"><\/textarea><\/span> <\/label>\n\n<input class=\"wpcf7-form-control wpcf7-submit has-spinner\" type=\"submit\" value=\"ENTREGAR\" \/><div class=\"wpcf7-response-output\" aria-hidden=\"true\"><\/div>\n<\/form>\n<\/div>\n\n","protected":false},"excerpt":{"rendered":"<p>Melhoresapostas.com foi criado apenas para fins de entretenimento. LasApuestas.com oferece apenas informa\u00e7\u00e3o e sites de apostas com o intuito de aconselhar o potencial apostador sobre as diferentes op\u00e7\u00f5es dispon\u00edveis. Os jogos de azar online s\u00e3o ilegais em algumas regi\u00f5es; os usu\u00e1rios devem consultar um especialista legal sobre o regime jur\u00eddico dos jogos de azar online &hellip; <\/p>\n","protected":false},"author":1,"featured_media":0,"parent":0,"menu_order":0,"comment_status":"closed","ping_status":"closed","template":"","meta":{"_acf_changed":false,"inline_featured_image":false,"footnotes":""},"class_list":["post-547","page","type-page","status-publish","hentry"],"acf":[],"yoast_head":"<!-- This site is optimized with the Yoast SEO plugin v23.7 - https:\/\/yoast.com\/wordpress\/plugins\/seo\/ -->\n<title>Aviso Legal - Portuguese<\/title>\n<meta name=\"description\" content=\"Melhoresapostas.com foi criado apenas para fins de entretenimento. LasApuestas.com oferece apenas informa\u00e7\u00e3o e sites de apostas com o intuito de aconselhar o potencial apostador sobre as diferentes op\u00e7\u00f5es dispon\u00edveis. Os jogos de azar online s\u00e3o ilegais em algumas regi\u00f5es; os usu\u00e1rios devem consultar um especialista legal sobre o regime jur\u00eddico dos jogos de azar online &hellip;\" \/>\n<meta name=\"robots\" content=\"index, follow, max-snippet:-1, max-image-preview:large, max-video-preview:-1\" \/>\n<link rel=\"canonical\" href=\"https:\/\/melhoresapostas.com\/pt\/aviso-legal\/\" \/>\n<meta property=\"og:locale\" content=\"en_GB\" \/>\n<meta property=\"og:type\" content=\"article\" \/>\n<meta property=\"og:title\" content=\"Aviso Legal - Portuguese\" \/>\n<meta property=\"og:description\" content=\"Melhoresapostas.com foi criado apenas para fins de entretenimento. LasApuestas.com oferece apenas informa\u00e7\u00e3o e sites de apostas com o intuito de aconselhar o potencial apostador sobre as diferentes op\u00e7\u00f5es dispon\u00edveis. Os jogos de azar online s\u00e3o ilegais em algumas regi\u00f5es; os usu\u00e1rios devem consultar um especialista legal sobre o regime jur\u00eddico dos jogos de azar online &hellip;\" \/>\n<meta property=\"og:url\" content=\"https:\/\/melhoresapostas.com\/pt\/aviso-legal\/\" \/>\n<meta property=\"og:site_name\" content=\"Portuguese\" \/>\n<meta property=\"article:modified_time\" content=\"2023-01-20T15:50:31+00:00\" \/>\n<meta name=\"twitter:card\" content=\"summary_large_image\" \/>\n<meta name=\"twitter:label1\" content=\"Estimated reading time\" \/>\n\t<meta name=\"twitter:data1\" content=\"1 minute\" \/>\n<script type=\"application\/ld+json\" class=\"yoast-schema-graph\">{\"@context\":\"https:\/\/schema.org\",\"@graph\":[{\"@type\":\"WebPage\",\"@id\":\"https:\/\/melhoresapostas.com\/pt\/aviso-legal\/\",\"url\":\"https:\/\/melhoresapostas.com\/pt\/aviso-legal\/\",\"name\":\"Aviso Legal - Portuguese\",\"isPartOf\":{\"@id\":\"https:\/\/melhoresapostas.com\/pt\/#website\"},\"datePublished\":\"2021-09-14T10:20:23+00:00\",\"dateModified\":\"2023-01-20T15:50:31+00:00\",\"breadcrumb\":{\"@id\":\"https:\/\/melhoresapostas.com\/pt\/aviso-legal\/#breadcrumb\"},\"inLanguage\":\"en-GB\",\"potentialAction\":[{\"@type\":\"ReadAction\",\"target\":[\"https:\/\/melhoresapostas.com\/pt\/aviso-legal\/\"]}]},{\"@type\":\"BreadcrumbList\",\"@id\":\"https:\/\/melhoresapostas.com\/pt\/aviso-legal\/#breadcrumb\",\"itemListElement\":[{\"@type\":\"ListItem\",\"position\":1,\"name\":\"In\u00edcio\",\"item\":\"https:\/\/melhoresapostas.com\/pt\/\"},{\"@type\":\"ListItem\",\"position\":2,\"name\":\"Aviso Legal\"}]},{\"@type\":\"WebSite\",\"@id\":\"https:\/\/melhoresapostas.com\/pt\/#website\",\"url\":\"https:\/\/melhoresapostas.com\/pt\/\",\"name\":\"Portuguese\",\"description\":\"Melhores Apostas Desportivas | Melhores Apostas Sites site\",\"publisher\":{\"@id\":\"https:\/\/melhoresapostas.com\/pt\/#organization\"},\"potentialAction\":[{\"@type\":\"SearchAction\",\"target\":{\"@type\":\"EntryPoint\",\"urlTemplate\":\"https:\/\/melhoresapostas.com\/pt\/?s={search_term_string}\"},\"query-input\":{\"@type\":\"PropertyValueSpecification\",\"valueRequired\":true,\"valueName\":\"search_term_string\"}}],\"inLanguage\":\"en-GB\"},{\"@type\":\"Organization\",\"@id\":\"https:\/\/melhoresapostas.com\/pt\/#organization\",\"name\":\"Portuguese\",\"url\":\"https:\/\/melhoresapostas.com\/pt\/\",\"logo\":{\"@type\":\"ImageObject\",\"inLanguage\":\"en-GB\",\"@id\":\"https:\/\/melhoresapostas.com\/pt\/#\/schema\/logo\/image\/\",\"url\":\"https:\/\/melhoresapostas.com\/pt\/wp-content\/uploads\/sites\/2\/2021\/07\/melhores-apostas_horizontal_edit.png\",\"contentUrl\":\"https:\/\/melhoresapostas.com\/pt\/wp-content\/uploads\/sites\/2\/2021\/07\/melhores-apostas_horizontal_edit.png\",\"width\":621,\"height\":192,\"caption\":\"Portuguese\"},\"image\":{\"@id\":\"https:\/\/melhoresapostas.com\/pt\/#\/schema\/logo\/image\/\"}}]}<\/script>\n<!-- \/ Yoast SEO plugin. -->","yoast_head_json":{"title":"Aviso Legal - Portuguese","description":"Melhoresapostas.com foi criado apenas para fins de entretenimento. LasApuestas.com oferece apenas informa\u00e7\u00e3o e sites de apostas com o intuito de aconselhar o potencial apostador sobre as diferentes op\u00e7\u00f5es dispon\u00edveis. Os jogos de azar online s\u00e3o ilegais em algumas regi\u00f5es; os usu\u00e1rios devem consultar um especialista legal sobre o regime jur\u00eddico dos jogos de azar online &hellip;","robots":{"index":"index","follow":"follow","max-snippet":"max-snippet:-1","max-image-preview":"max-image-preview:large","max-video-preview":"max-video-preview:-1"},"canonical":"https:\/\/melhoresapostas.com\/pt\/aviso-legal\/","og_locale":"en_GB","og_type":"article","og_title":"Aviso Legal - Portuguese","og_description":"Melhoresapostas.com foi criado apenas para fins de entretenimento. LasApuestas.com oferece apenas informa\u00e7\u00e3o e sites de apostas com o intuito de aconselhar o potencial apostador sobre as diferentes op\u00e7\u00f5es dispon\u00edveis. Os jogos de azar online s\u00e3o ilegais em algumas regi\u00f5es; os usu\u00e1rios devem consultar um especialista legal sobre o regime jur\u00eddico dos jogos de azar online &hellip;","og_url":"https:\/\/melhoresapostas.com\/pt\/aviso-legal\/","og_site_name":"Portuguese","article_modified_time":"2023-01-20T15:50:31+00:00","twitter_card":"summary_large_image","twitter_misc":{"Estimated reading time":"1 minute"},"schema":{"@context":"https:\/\/schema.org","@graph":[{"@type":"WebPage","@id":"https:\/\/melhoresapostas.com\/pt\/aviso-legal\/","url":"https:\/\/melhoresapostas.com\/pt\/aviso-legal\/","name":"Aviso Legal - Portuguese","isPartOf":{"@id":"https:\/\/melhoresapostas.com\/pt\/#website"},"datePublished":"2021-09-14T10:20:23+00:00","dateModified":"2023-01-20T15:50:31+00:00","breadcrumb":{"@id":"https:\/\/melhoresapostas.com\/pt\/aviso-legal\/#breadcrumb"},"inLanguage":"en-GB","potentialAction":[{"@type":"ReadAction","target":["https:\/\/melhoresapostas.com\/pt\/aviso-legal\/"]}]},{"@type":"BreadcrumbList","@id":"https:\/\/melhoresapostas.com\/pt\/aviso-legal\/#breadcrumb","itemListElement":[{"@type":"ListItem","position":1,"name":"In\u00edcio","item":"https:\/\/melhoresapostas.com\/pt\/"},{"@type":"ListItem","position":2,"name":"Aviso Legal"}]},{"@type":"WebSite","@id":"https:\/\/melhoresapostas.com\/pt\/#website","url":"https:\/\/melhoresapostas.com\/pt\/","name":"Portuguese","description":"Melhores Apostas Desportivas | Melhores Apostas Sites site","publisher":{"@id":"https:\/\/melhoresapostas.com\/pt\/#organization"},"potentialAction":[{"@type":"SearchAction","target":{"@type":"EntryPoint","urlTemplate":"https:\/\/melhoresapostas.com\/pt\/?s={search_term_string}"},"query-input":{"@type":"PropertyValueSpecification","valueRequired":true,"valueName":"search_term_string"}}],"inLanguage":"en-GB"},{"@type":"Organization","@id":"https:\/\/melhoresapostas.com\/pt\/#organization","name":"Portuguese","url":"https:\/\/melhoresapostas.com\/pt\/","logo":{"@type":"ImageObject","inLanguage":"en-GB","@id":"https:\/\/melhoresapostas.com\/pt\/#\/schema\/logo\/image\/","url":"https:\/\/melhoresapostas.com\/pt\/wp-content\/uploads\/sites\/2\/2021\/07\/melhores-apostas_horizontal_edit.png","contentUrl":"https:\/\/melhoresapostas.com\/pt\/wp-content\/uploads\/sites\/2\/2021\/07\/melhores-apostas_horizontal_edit.png","width":621,"height":192,"caption":"Portuguese"},"image":{"@id":"https:\/\/melhoresapostas.com\/pt\/#\/schema\/logo\/image\/"}}]}},"_links":{"self":[{"href":"https:\/\/melhoresapostas.com\/pt\/wp-json\/wp\/v2\/pages\/547"}],"collection":[{"href":"https:\/\/melhoresapostas.com\/pt\/wp-json\/wp\/v2\/pages"}],"about":[{"href":"https:\/\/melhoresapostas.com\/pt\/wp-json\/wp\/v2\/types\/page"}],"author":[{"embeddable":true,"href":"https:\/\/melhoresapostas.com\/pt\/wp-json\/wp\/v2\/users\/1"}],"replies":[{"embeddable":true,"href":"https:\/\/melhoresapostas.com\/pt\/wp-json\/wp\/v2\/comments?post=547"}],"version-history":[{"count":2,"href":"https:\/\/melhoresapostas.com\/pt\/wp-json\/wp\/v2\/pages\/547\/revisions"}],"predecessor-version":[{"id":1983,"href":"https:\/\/melhoresapostas.com\/pt\/wp-json\/wp\/v2\/pages\/547\/revisions\/1983"}],"wp:attachment":[{"href":"https:\/\/melhoresapostas.com\/pt\/wp-json\/wp\/v2\/media?parent=547"}],"curies":[{"name":"wp","href":"https:\/\/api.w.org\/{rel}","templated":true}]}}