{"id":549,"date":"2021-09-14T10:20:49","date_gmt":"2021-09-14T10:20:49","guid":{"rendered":"https:\/\/melhoresapostas.com\/pt\/?page_id=549"},"modified":"2023-02-20T13:42:37","modified_gmt":"2023-02-20T13:42:37","slug":"jogo-responsavel","status":"publish","type":"page","link":"https:\/\/melhoresapostas.com\/pt\/jogo-responsavel\/","title":{"rendered":"Jogo Respons\u00e1vel"},"content":{"rendered":"<p>Jogar \u00e9 divertido, mas exige que voc\u00ea seja cauteloso quanto \u00e0 forma como v\u00ea e joga.<\/p>\n<p>As apostas online devem ser vistas como um divertimento e nunca como uma obsess\u00e3o e\/ou como uma forma de tentar recuperar o imposs\u00edvel.<\/p>\n<p>O jogo respons\u00e1vel \u00e9 fundamental para a sua sa\u00fade ps\u00edquica e mental, uma vez que pode tornar-se num problema s\u00e9rio e patol\u00f3gico com contornos extremamente adversos a v\u00e1rios n\u00edveis.<\/p>\n<p>Muitos jogadores que perdem o controlo da realidade, acabam por gastar dinheiro que na verdade n\u00e3o t\u00eam, incorrendo em obriga\u00e7\u00f5es e problemas por vezes irrevers\u00edveis nas suas vidas.<\/p>\n<blockquote><p><em>O jogo por si s\u00f3 \u00e9 viciante, pelo que \u00e9 necess\u00e1rio ser-se respons\u00e1vel quando se joga.<\/em><\/p><\/blockquote>\n<p>Ao contr\u00e1rio do que possa parecer, o jogo pode tornar-se um v\u00edcio tal como o \u00c1lcool ou as Drogas, pelo que \u00e9 necess\u00e1rio que voc\u00ea tenha controlo nas suas atitudes e acima de tudo procura ajuda o mais rapidamente poss\u00edvel, quando sentir que est\u00e1 a ultrapassar a barreira do bom senso, prejudicando a sua vida e provavelmente a dos que lhe s\u00e3o mais pr\u00f3ximos.<\/p>\n<p>Para o ajudar a estabelecer metas e orienta\u00e7\u00e3o ao n\u00edvel das apostas desportivas e seguindo os princ\u00edpios do jogo respons\u00e1vel, sugerimos algumas estrat\u00e9gias que quando colocadas em pr\u00e1tica, evitam problemas de v\u00edcio e promovem o divertimento do jogo.<\/p>\n<ul>\n<li>Fa\u00e7a uma boa gest\u00e3o da banca com valores fixos definidos mensalmente;<\/li>\n<li>Nunca entre em incumprimento com as suas obriga\u00e7\u00f5es por causa do jogo;<\/li>\n<li>Defina concretamente os valores para jogar e tamb\u00e9m os tetos m\u00e1ximos de ganhos e perdas;<\/li>\n<li>Nunca tire partido do jogo em estados de incosci\u00eancia, alcoolismo ou drogas;<\/li>\n<li>Jogue de forma moderada e pondera;<\/li>\n<li>Nunca tente dobrar a sua aposta para tentar recuperar o que j\u00e1 perdeu;<\/li>\n<li>Ajuda para jogadores compulsivos.<\/li>\n<\/ul>\n<p>Existem v\u00e1rias institui\u00e7\u00f5es nacionais e internacionais a trabalhar na \u00e1rea do Jogo Respons\u00e1vel e a dar aconselhamento e apoio a jogadores compulsivos ou jogadores viciados em apostas desportivas. Se \u00e9 o seu caso, considere procurar apoio num dos seguintes parceiros:<\/p>\n<ul>\n<li>JogoRespons\u00e1vel.pt<\/li>\n<li>JogadoresAn\u00f3nimos.org<\/li>\n<li>GamblersAnonymous.org<\/li>\n<li><a href=\"http:\/\/www.ncpgambling.org\/\">NcpGambling.org<\/a><\/li>\n<\/ul>\n","protected":false},"excerpt":{"rendered":"<p>Jogar \u00e9 divertido, mas exige que voc\u00ea seja cauteloso quanto \u00e0 forma como v\u00ea e joga. As apostas online devem ser vistas como um divertimento e nunca como uma obsess\u00e3o e\/ou como uma forma de tentar recuperar o imposs\u00edvel. O jogo respons\u00e1vel \u00e9 fundamental para a sua sa\u00fade ps\u00edquica e mental, uma vez que pode &hellip; <\/p>\n","protected":false},"author":1,"featured_media":0,"parent":0,"menu_order":0,"comment_status":"closed","ping_status":"closed","template":"","meta":{"_acf_changed":false,"inline_featured_image":false,"footnotes":""},"class_list":["post-549","page","type-page","status-publish","hentry"],"acf":[],"yoast_head":"<!-- This site is optimized with the Yoast SEO plugin v23.7 - https:\/\/yoast.com\/wordpress\/plugins\/seo\/ -->\n<title>Jogo Respons\u00e1vel - Portuguese<\/title>\n<meta name=\"description\" content=\"Jogar \u00e9 divertido, mas exige que voc\u00ea seja cauteloso quanto \u00e0 forma como v\u00ea e joga. As apostas online devem ser vistas como um divertimento e nunca como uma obsess\u00e3o e\/ou como uma forma de tentar recuperar o imposs\u00edvel. O jogo respons\u00e1vel \u00e9 fundamental para a sua sa\u00fade ps\u00edquica e mental, uma vez que pode &hellip;\" \/>\n<meta name=\"robots\" content=\"index, follow, max-snippet:-1, max-image-preview:large, max-video-preview:-1\" \/>\n<link rel=\"canonical\" href=\"https:\/\/melhoresapostas.com\/pt\/jogo-responsavel\/\" \/>\n<meta property=\"og:locale\" content=\"en_GB\" \/>\n<meta property=\"og:type\" content=\"article\" \/>\n<meta property=\"og:title\" content=\"Jogo Respons\u00e1vel - Portuguese\" \/>\n<meta property=\"og:description\" content=\"Jogar \u00e9 divertido, mas exige que voc\u00ea seja cauteloso quanto \u00e0 forma como v\u00ea e joga. As apostas online devem ser vistas como um divertimento e nunca como uma obsess\u00e3o e\/ou como uma forma de tentar recuperar o imposs\u00edvel. O jogo respons\u00e1vel \u00e9 fundamental para a sua sa\u00fade ps\u00edquica e mental, uma vez que pode &hellip;\" \/>\n<meta property=\"og:url\" content=\"https:\/\/melhoresapostas.com\/pt\/jogo-responsavel\/\" \/>\n<meta property=\"og:site_name\" content=\"Portuguese\" \/>\n<meta property=\"article:modified_time\" content=\"2023-02-20T13:42:37+00:00\" \/>\n<meta name=\"twitter:card\" content=\"summary_large_image\" \/>\n<meta name=\"twitter:label1\" content=\"Estimated reading time\" \/>\n\t<meta name=\"twitter:data1\" content=\"2 minutes\" \/>\n<script type=\"application\/ld+json\" class=\"yoast-schema-graph\">{\"@context\":\"https:\/\/schema.org\",\"@graph\":[{\"@type\":\"WebPage\",\"@id\":\"https:\/\/melhoresapostas.com\/pt\/jogo-responsavel\/\",\"url\":\"https:\/\/melhoresapostas.com\/pt\/jogo-responsavel\/\",\"name\":\"Jogo Respons\u00e1vel - Portuguese\",\"isPartOf\":{\"@id\":\"https:\/\/melhoresapostas.com\/pt\/#website\"},\"datePublished\":\"2021-09-14T10:20:49+00:00\",\"dateModified\":\"2023-02-20T13:42:37+00:00\",\"breadcrumb\":{\"@id\":\"https:\/\/melhoresapostas.com\/pt\/jogo-responsavel\/#breadcrumb\"},\"inLanguage\":\"en-GB\",\"potentialAction\":[{\"@type\":\"ReadAction\",\"target\":[\"https:\/\/melhoresapostas.com\/pt\/jogo-responsavel\/\"]}]},{\"@type\":\"BreadcrumbList\",\"@id\":\"https:\/\/melhoresapostas.com\/pt\/jogo-responsavel\/#breadcrumb\",\"itemListElement\":[{\"@type\":\"ListItem\",\"position\":1,\"name\":\"In\u00edcio\",\"item\":\"https:\/\/melhoresapostas.com\/pt\/\"},{\"@type\":\"ListItem\",\"position\":2,\"name\":\"Jogo Respons\u00e1vel\"}]},{\"@type\":\"WebSite\",\"@id\":\"https:\/\/melhoresapostas.com\/pt\/#website\",\"url\":\"https:\/\/melhoresapostas.com\/pt\/\",\"name\":\"Portuguese\",\"description\":\"Melhores Apostas Desportivas | Melhores Apostas Sites site\",\"publisher\":{\"@id\":\"https:\/\/melhoresapostas.com\/pt\/#organization\"},\"potentialAction\":[{\"@type\":\"SearchAction\",\"target\":{\"@type\":\"EntryPoint\",\"urlTemplate\":\"https:\/\/melhoresapostas.com\/pt\/?s={search_term_string}\"},\"query-input\":{\"@type\":\"PropertyValueSpecification\",\"valueRequired\":true,\"valueName\":\"search_term_string\"}}],\"inLanguage\":\"en-GB\"},{\"@type\":\"Organization\",\"@id\":\"https:\/\/melhoresapostas.com\/pt\/#organization\",\"name\":\"Portuguese\",\"url\":\"https:\/\/melhoresapostas.com\/pt\/\",\"logo\":{\"@type\":\"ImageObject\",\"inLanguage\":\"en-GB\",\"@id\":\"https:\/\/melhoresapostas.com\/pt\/#\/schema\/logo\/image\/\",\"url\":\"https:\/\/melhoresapostas.com\/pt\/wp-content\/uploads\/sites\/2\/2021\/07\/melhores-apostas_horizontal_edit.png\",\"contentUrl\":\"https:\/\/melhoresapostas.com\/pt\/wp-content\/uploads\/sites\/2\/2021\/07\/melhores-apostas_horizontal_edit.png\",\"width\":621,\"height\":192,\"caption\":\"Portuguese\"},\"image\":{\"@id\":\"https:\/\/melhoresapostas.com\/pt\/#\/schema\/logo\/image\/\"}}]}<\/script>\n<!-- \/ Yoast SEO plugin. -->","yoast_head_json":{"title":"Jogo Respons\u00e1vel - Portuguese","description":"Jogar \u00e9 divertido, mas exige que voc\u00ea seja cauteloso quanto \u00e0 forma como v\u00ea e joga. As apostas online devem ser vistas como um divertimento e nunca como uma obsess\u00e3o e\/ou como uma forma de tentar recuperar o imposs\u00edvel. O jogo respons\u00e1vel \u00e9 fundamental para a sua sa\u00fade ps\u00edquica e mental, uma vez que pode &hellip;","robots":{"index":"index","follow":"follow","max-snippet":"max-snippet:-1","max-image-preview":"max-image-preview:large","max-video-preview":"max-video-preview:-1"},"canonical":"https:\/\/melhoresapostas.com\/pt\/jogo-responsavel\/","og_locale":"en_GB","og_type":"article","og_title":"Jogo Respons\u00e1vel - Portuguese","og_description":"Jogar \u00e9 divertido, mas exige que voc\u00ea seja cauteloso quanto \u00e0 forma como v\u00ea e joga. As apostas online devem ser vistas como um divertimento e nunca como uma obsess\u00e3o e\/ou como uma forma de tentar recuperar o imposs\u00edvel. O jogo respons\u00e1vel \u00e9 fundamental para a sua sa\u00fade ps\u00edquica e mental, uma vez que pode &hellip;","og_url":"https:\/\/melhoresapostas.com\/pt\/jogo-responsavel\/","og_site_name":"Portuguese","article_modified_time":"2023-02-20T13:42:37+00:00","twitter_card":"summary_large_image","twitter_misc":{"Estimated reading time":"2 minutes"},"schema":{"@context":"https:\/\/schema.org","@graph":[{"@type":"WebPage","@id":"https:\/\/melhoresapostas.com\/pt\/jogo-responsavel\/","url":"https:\/\/melhoresapostas.com\/pt\/jogo-responsavel\/","name":"Jogo Respons\u00e1vel - Portuguese","isPartOf":{"@id":"https:\/\/melhoresapostas.com\/pt\/#website"},"datePublished":"2021-09-14T10:20:49+00:00","dateModified":"2023-02-20T13:42:37+00:00","breadcrumb":{"@id":"https:\/\/melhoresapostas.com\/pt\/jogo-responsavel\/#breadcrumb"},"inLanguage":"en-GB","potentialAction":[{"@type":"ReadAction","target":["https:\/\/melhoresapostas.com\/pt\/jogo-responsavel\/"]}]},{"@type":"BreadcrumbList","@id":"https:\/\/melhoresapostas.com\/pt\/jogo-responsavel\/#breadcrumb","itemListElement":[{"@type":"ListItem","position":1,"name":"In\u00edcio","item":"https:\/\/melhoresapostas.com\/pt\/"},{"@type":"ListItem","position":2,"name":"Jogo Respons\u00e1vel"}]},{"@type":"WebSite","@id":"https:\/\/melhoresapostas.com\/pt\/#website","url":"https:\/\/melhoresapostas.com\/pt\/","name":"Portuguese","description":"Melhores Apostas Desportivas | Melhores Apostas Sites site","publisher":{"@id":"https:\/\/melhoresapostas.com\/pt\/#organization"},"potentialAction":[{"@type":"SearchAction","target":{"@type":"EntryPoint","urlTemplate":"https:\/\/melhoresapostas.com\/pt\/?s={search_term_string}"},"query-input":{"@type":"PropertyValueSpecification","valueRequired":true,"valueName":"search_term_string"}}],"inLanguage":"en-GB"},{"@type":"Organization","@id":"https:\/\/melhoresapostas.com\/pt\/#organization","name":"Portuguese","url":"https:\/\/melhoresapostas.com\/pt\/","logo":{"@type":"ImageObject","inLanguage":"en-GB","@id":"https:\/\/melhoresapostas.com\/pt\/#\/schema\/logo\/image\/","url":"https:\/\/melhoresapostas.com\/pt\/wp-content\/uploads\/sites\/2\/2021\/07\/melhores-apostas_horizontal_edit.png","contentUrl":"https:\/\/melhoresapostas.com\/pt\/wp-content\/uploads\/sites\/2\/2021\/07\/melhores-apostas_horizontal_edit.png","width":621,"height":192,"caption":"Portuguese"},"image":{"@id":"https:\/\/melhoresapostas.com\/pt\/#\/schema\/logo\/image\/"}}]}},"_links":{"self":[{"href":"https:\/\/melhoresapostas.com\/pt\/wp-json\/wp\/v2\/pages\/549"}],"collection":[{"href":"https:\/\/melhoresapostas.com\/pt\/wp-json\/wp\/v2\/pages"}],"about":[{"href":"https:\/\/melhoresapostas.com\/pt\/wp-json\/wp\/v2\/types\/page"}],"author":[{"embeddable":true,"href":"https:\/\/melhoresapostas.com\/pt\/wp-json\/wp\/v2\/users\/1"}],"replies":[{"embeddable":true,"href":"https:\/\/melhoresapostas.com\/pt\/wp-json\/wp\/v2\/comments?post=549"}],"version-history":[{"count":1,"href":"https:\/\/melhoresapostas.com\/pt\/wp-json\/wp\/v2\/pages\/549\/revisions"}],"predecessor-version":[{"id":2032,"href":"https:\/\/melhoresapostas.com\/pt\/wp-json\/wp\/v2\/pages\/549\/revisions\/2032"}],"wp:attachment":[{"href":"https:\/\/melhoresapostas.com\/pt\/wp-json\/wp\/v2\/media?parent=549"}],"curies":[{"name":"wp","href":"https:\/\/api.w.org\/{rel}","templated":true}]}}